{"id":88,"date":"2022-08-01T15:18:54","date_gmt":"2022-08-01T15:18:54","guid":{"rendered":"https:\/\/portfolio.disilvadigital.com.br\/finaestampa\/?post_type=product&#038;p=88"},"modified":"2022-08-01T15:23:54","modified_gmt":"2022-08-01T15:23:54","slug":"vestido-longo-de-alca","status":"publish","type":"product","link":"https:\/\/lojatricot.radarseo.com.br\/index.php\/product\/vestido-longo-de-alca\/","title":{"rendered":"Vestido longo de al\u00e7a"},"content":{"rendered":"<p>Morbi neque ipsum, ornare nec arcu vitae, tempor malesuada erat. Mauris justo elit, gravida quis diam a, placerat congue enim. Duis tempor iaculis dolor. Duis feugiat quis eros eget rhoncus. Suspendisse ut est et lacus fermentum condimentum ut at ex. Pellentesque vitae lorem sit amet magna suscipit faucibus non et dolor. Phasellus malesuada iaculis tortor sit amet aliquam. Duis aliquam erat elit, et bibendum est fermentum sed. Donec et gravida arcu. Proin tristique sit amet orci ultrices facilisis. Pellentesque ultrices magna ut erat egestas, sed faucibus nunc vestibulum. Etiam eu consectetur turpis. Donec scelerisque efficitur justo egestas vulputate. &#8211; Ref. 6987<\/p>\n<p><strong>Composi\u00e7\u00e3o<\/strong>: 96% Viscose 4% Elastano<\/p>\n<p>As cores dos produtos nas fotos reproduzidas com modelos podem sofrer altera\u00e7\u00f5es, em decorr\u00eancia do uso do flash.<\/p>\n","protected":false},"excerpt":{"rendered":"<p>Morbi neque ipsum, ornare nec arcu vitae, tempor malesuada erat. Mauris justo elit, gravida quis diam a, placerat congue enim. Duis tempor iaculis dolor. Duis feugiat quis eros eget rhoncus. Suspendisse ut est et lacus fermentum condimentum ut at ex. Pellentesque vitae lorem sit amet magna suscipit faucibus non et dolor. Phasellus malesuada iaculis tortor [&hellip;]<\/p>\n","protected":false},"featured_media":50,"comment_status":"open","ping_status":"closed","template":"","meta":[],"product_brand":[],"product_cat":[17],"product_tag":[],"class_list":{"0":"post-88","1":"product","2":"type-product","3":"status-publish","4":"has-post-thumbnail","6":"product_cat-vestidos","8":"first","9":"instock","10":"sale","11":"shipping-taxable","12":"purchasable","13":"product-type-simple"},"_links":{"self":[{"href":"https:\/\/lojatricot.radarseo.com.br\/index.php\/wp-json\/wp\/v2\/product\/88","targetHints":{"allow":["GET"]}}],"collection":[{"href":"https:\/\/lojatricot.radarseo.com.br\/index.php\/wp-json\/wp\/v2\/product"}],"about":[{"href":"https:\/\/lojatricot.radarseo.com.br\/index.php\/wp-json\/wp\/v2\/types\/product"}],"replies":[{"embeddable":true,"href":"https:\/\/lojatricot.radarseo.com.br\/index.php\/wp-json\/wp\/v2\/comments?post=88"}],"wp:featuredmedia":[{"embeddable":true,"href":"https:\/\/lojatricot.radarseo.com.br\/index.php\/wp-json\/wp\/v2\/media\/50"}],"wp:attachment":[{"href":"https:\/\/lojatricot.radarseo.com.br\/index.php\/wp-json\/wp\/v2\/media?parent=88"}],"wp:term":[{"taxonomy":"product_brand","embeddable":true,"href":"https:\/\/lojatricot.radarseo.com.br\/index.php\/wp-json\/wp\/v2\/product_brand?post=88"},{"taxonomy":"product_cat","embeddable":true,"href":"https:\/\/lojatricot.radarseo.com.br\/index.php\/wp-json\/wp\/v2\/product_cat?post=88"},{"taxonomy":"product_tag","embeddable":true,"href":"https:\/\/lojatricot.radarseo.com.br\/index.php\/wp-json\/wp\/v2\/product_tag?post=88"}],"curies":[{"name":"wp","href":"https:\/\/api.w.org\/{rel}","templated":true}]}}