{"id":74,"date":"2022-08-01T11:57:15","date_gmt":"2022-08-01T14:57:15","guid":{"rendered":"https:\/\/portfolio.disilvadigital.com.br\/finaestampa\/?post_type=product&#038;p=74"},"modified":"2026-02-24T21:09:59","modified_gmt":"2026-02-25T00:09:59","slug":"blusa-de-malha-manga-longa","status":"publish","type":"product","link":"https:\/\/lojatricot.radarseo.com.br\/index.php\/product\/blusa-de-malha-manga-longa\/","title":{"rendered":"Blusa de malha manga longa"},"content":{"rendered":"<p>Blusa b\u00e1sica cacharrel confeccionada em viscose e elastano. Possui modelagem ajustada, mangas longas, gola alta e padronagem lisa. Podendo ser utilizada para todas as esta\u00e7\u00f5es, como segunda pele ou para compor looks com pe\u00e7as mais diferenciadas. Blusa cacharrel Gola alta Manga longa Marca Halsa &#8211; Ref. 6987 Composi\u00e7\u00e3o: 96% Viscose 4% Elastano<\/p>\n","protected":false},"excerpt":{"rendered":"<p>Blusa b\u00e1sica cacharrel confeccionada em viscose e elastano. Possui modelagem ajustada, mangas longas, gola alta e padronagem lisa. Podendo ser utilizada para todas as esta\u00e7\u00f5es, como segunda pele ou para compor looks com pe\u00e7as mais diferenciadas. Blusa cacharrel Gola alta Manga longa Marca Halsa &#8211; Ref. 6987 Composi\u00e7\u00e3o: 96% Viscose 4% Elastano<\/p>\n","protected":false},"featured_media":23,"comment_status":"open","ping_status":"closed","template":"","meta":[],"product_brand":[],"product_cat":[22],"product_tag":[],"class_list":{"0":"post-74","1":"product","2":"type-product","3":"status-publish","4":"has-post-thumbnail","6":"product_cat-blusas","8":"first","9":"instock","10":"sale","11":"shipping-taxable","12":"purchasable","13":"product-type-variable"},"_links":{"self":[{"href":"https:\/\/lojatricot.radarseo.com.br\/index.php\/wp-json\/wp\/v2\/product\/74","targetHints":{"allow":["GET"]}}],"collection":[{"href":"https:\/\/lojatricot.radarseo.com.br\/index.php\/wp-json\/wp\/v2\/product"}],"about":[{"href":"https:\/\/lojatricot.radarseo.com.br\/index.php\/wp-json\/wp\/v2\/types\/product"}],"replies":[{"embeddable":true,"href":"https:\/\/lojatricot.radarseo.com.br\/index.php\/wp-json\/wp\/v2\/comments?post=74"}],"wp:featuredmedia":[{"embeddable":true,"href":"https:\/\/lojatricot.radarseo.com.br\/index.php\/wp-json\/wp\/v2\/media\/23"}],"wp:attachment":[{"href":"https:\/\/lojatricot.radarseo.com.br\/index.php\/wp-json\/wp\/v2\/media?parent=74"}],"wp:term":[{"taxonomy":"product_brand","embeddable":true,"href":"https:\/\/lojatricot.radarseo.com.br\/index.php\/wp-json\/wp\/v2\/product_brand?post=74"},{"taxonomy":"product_cat","embeddable":true,"href":"https:\/\/lojatricot.radarseo.com.br\/index.php\/wp-json\/wp\/v2\/product_cat?post=74"},{"taxonomy":"product_tag","embeddable":true,"href":"https:\/\/lojatricot.radarseo.com.br\/index.php\/wp-json\/wp\/v2\/product_tag?post=74"}],"curies":[{"name":"wp","href":"https:\/\/api.w.org\/{rel}","templated":true}]}}